{"id":60,"date":"2018-11-10T18:41:32","date_gmt":"2018-11-10T17:41:32","guid":{"rendered":"https:\/\/osteopathe-alpilles.com\/?page_id=60"},"modified":"2023-05-16T14:39:41","modified_gmt":"2023-05-16T12:39:41","slug":"benedicte-duhamel-d-o","status":"publish","type":"page","link":"https:\/\/osteopathe-alpilles.com\/index.php\/benedicte-duhamel-d-o\/","title":{"rendered":"Vos praticiens"},"content":{"rendered":"<div id=\"pl-60\"  class=\"panel-layout\" ><div id=\"pg-60-0\"  class=\"panel-grid panel-no-style\" ><div id=\"pgc-60-0-0\"  class=\"panel-grid-cell\" ><div id=\"panel-60-0-0-0\" class=\"so-panel widget widget_sow-editor panel-first-child panel-last-child\" data-index=\"0\" ><div\n\t\t\t\n\t\t\tclass=\"so-widget-sow-editor so-widget-sow-editor-base\"\n\t\t\t\n\t\t>\n<div class=\"siteorigin-widget-tinymce textwidget\">\n\t<h4 style=\"text-align: center;\">Avec une pratique centr\u00e9e sur les techniques douces, biodynamiques et somato-\u00e9motionnelles, nous abordons la consultation dans sa globalit\u00e9 sur le plan physique, m\u00e9canique, \u00e9nerg\u00e9tique et \u00e9motionnel.<\/h4>\n<h4 style=\"text-align: center;\">Femme enceinte \u2013 Nouveau-n\u00e9 \u2013 Enfant \u2013 Sportif \u2013 Adulte - Personnes \u00e2g\u00e9s.<\/h4>\n<h4 style=\"text-align: center;\">En tant qu'ost\u00e9opathes agr\u00e9es, nous sommes \u00e0 m\u00eame de vous d\u00e9livrer une note d'honoraire \u00e0 faire parvenir \u00e0 votre mutuelle pour un \u00e9ventuel remboursement.<\/h4>\n<\/div>\n<\/div><\/div><\/div><\/div><div id=\"pg-60-1\"  class=\"panel-grid panel-no-style\" ><div id=\"pgc-60-1-0\"  class=\"panel-grid-cell panel-grid-cell-empty\" ><\/div><\/div><div id=\"pg-60-2\"  class=\"panel-grid panel-no-style\" ><div id=\"pgc-60-2-0\"  class=\"panel-grid-cell panel-grid-cell-empty\" ><\/div><\/div><div id=\"pg-60-3\"  class=\"panel-grid panel-no-style\" ><div id=\"pgc-60-3-0\"  class=\"panel-grid-cell panel-grid-cell-empty\" ><\/div><\/div><div id=\"pg-60-4\"  class=\"panel-grid panel-no-style\" ><div id=\"pgc-60-4-0\"  class=\"panel-grid-cell panel-grid-cell-empty\" ><\/div><\/div><div id=\"pg-60-5\"  class=\"panel-grid panel-no-style\" ><div id=\"pgc-60-5-0\"  class=\"panel-grid-cell panel-grid-cell-empty\" ><\/div><\/div><div id=\"pg-60-6\"  class=\"panel-grid panel-no-style\" ><div id=\"pgc-60-6-0\"  class=\"panel-grid-cell panel-grid-cell-empty\" ><\/div><div id=\"pgc-60-6-1\"  class=\"panel-grid-cell panel-grid-cell-mobile-last\" ><div id=\"panel-60-6-1-0\" class=\"so-panel widget widget_sow-editor panel-first-child panel-last-child\" data-index=\"1\" ><div\n\t\t\t\n\t\t\tclass=\"so-widget-sow-editor so-widget-sow-editor-base\"\n\t\t\t\n\t\t>\n<div class=\"siteorigin-widget-tinymce textwidget\">\n\t<h2 style=\"text-align: center;\">B\u00e9n\u00e9dicte DUHAMEL<\/h2>\n<p style=\"text-align: center;\">Ost\u00e9opathe D.O depuis 2011<\/p>\n<\/div>\n<\/div><\/div><\/div><div id=\"pgc-60-6-2\"  class=\"panel-grid-cell panel-grid-cell-empty\" ><\/div><\/div><div id=\"pg-60-7\"  class=\"panel-grid panel-no-style\" ><div id=\"pgc-60-7-0\"  class=\"panel-grid-cell\" ><div id=\"panel-60-7-0-0\" class=\"so-panel widget widget_sow-image panel-first-child panel-last-child\" data-index=\"2\" ><div\n\t\t\t\n\t\t\tclass=\"so-widget-sow-image so-widget-sow-image-default-d6014b76747a-60\"\n\t\t\t\n\t\t>\n\n<div class=\"sow-image-container\">\n\t\t<img src=\"https:\/\/osteopathe-alpilles.com\/wp-content\/uploads\/2018\/11\/b\u00e9n\u00e9dicte-duhamel-portrait.jpg\" width=\"1371\" height=\"2089\" srcset=\"https:\/\/osteopathe-alpilles.com\/wp-content\/uploads\/2018\/11\/b\u00e9n\u00e9dicte-duhamel-portrait.jpg 1371w, https:\/\/osteopathe-alpilles.com\/wp-content\/uploads\/2018\/11\/b\u00e9n\u00e9dicte-duhamel-portrait-197x300.jpg 197w, https:\/\/osteopathe-alpilles.com\/wp-content\/uploads\/2018\/11\/b\u00e9n\u00e9dicte-duhamel-portrait-768x1170.jpg 768w, https:\/\/osteopathe-alpilles.com\/wp-content\/uploads\/2018\/11\/b\u00e9n\u00e9dicte-duhamel-portrait-672x1024.jpg 672w, https:\/\/osteopathe-alpilles.com\/wp-content\/uploads\/2018\/11\/b\u00e9n\u00e9dicte-duhamel-portrait-1024x1560.jpg 1024w, https:\/\/osteopathe-alpilles.com\/wp-content\/uploads\/2018\/11\/b\u00e9n\u00e9dicte-duhamel-portrait-709x1080.jpg 709w\" sizes=\"(max-width: 1371px) 100vw, 1371px\" title=\"b\u00e9n\u00e9dicte duhamel portrait\" alt=\"\" loading=\"lazy\" \t\tclass=\"so-widget-image\"\/>\n\t<\/div>\n\n<\/div><\/div><\/div><div id=\"pgc-60-7-1\"  class=\"panel-grid-cell\" ><div id=\"panel-60-7-1-0\" class=\"so-panel widget widget_sow-editor panel-first-child panel-last-child\" data-index=\"3\" ><div\n\t\t\t\n\t\t\tclass=\"so-widget-sow-editor so-widget-sow-editor-base\"\n\t\t\t\n\t\t>\n<div class=\"siteorigin-widget-tinymce textwidget\">\n\t<div><\/div>\n<div><\/div>\n<div><\/div>\n<div><\/div>\n<div><\/div>\n<div><\/div>\n<div><\/div>\n<div><\/div>\n<div><\/div>\n<div><\/div>\n<div><\/div>\n<div><\/div>\n<p>&nbsp;<\/p>\n<h4>Enseignante, tutrice clinique et membre du conseil p\u00e9dagogique \u00e0 l\u2019\u00e9cole d\u2019ost\u00e9opathie Ifoga Avignon.<\/h4>\n<h4>Formatrice en techniques de reboutement .<br \/>\nSuit une formation en r\u00e9flexes archa\u00efques.<\/h4>\n<h4>Langues courantes: Anglais, Italien, Espagnol et Fran\u00e7ais.<\/h4>\n<h4><\/h4>\n<\/div>\n<\/div><\/div><\/div><\/div><div id=\"pg-60-8\"  class=\"panel-grid panel-no-style\" ><div id=\"pgc-60-8-0\"  class=\"panel-grid-cell panel-grid-cell-empty\" ><\/div><\/div><div id=\"pg-60-9\"  class=\"panel-grid panel-no-style\" ><div id=\"pgc-60-9-0\"  class=\"panel-grid-cell panel-grid-cell-empty\" ><\/div><\/div><div id=\"pg-60-10\"  class=\"panel-grid panel-no-style\" ><div id=\"pgc-60-10-0\"  class=\"panel-grid-cell panel-grid-cell-empty\" ><\/div><\/div><div id=\"pg-60-11\"  class=\"panel-grid panel-no-style\" ><div id=\"pgc-60-11-0\"  class=\"panel-grid-cell panel-grid-cell-empty\" ><\/div><\/div><div id=\"pg-60-12\"  class=\"panel-grid panel-no-style\" ><div id=\"pgc-60-12-0\"  class=\"panel-grid-cell panel-grid-cell-empty\" ><\/div><\/div><div id=\"pg-60-13\"  class=\"panel-grid panel-no-style\" ><div id=\"pgc-60-13-0\"  class=\"panel-grid-cell panel-grid-cell-empty\" ><\/div><div id=\"pgc-60-13-1\"  class=\"panel-grid-cell panel-grid-cell-mobile-last\" ><div id=\"panel-60-13-1-0\" class=\"so-panel widget widget_sow-editor panel-first-child panel-last-child\" data-index=\"4\" ><div\n\t\t\t\n\t\t\tclass=\"so-widget-sow-editor so-widget-sow-editor-base\"\n\t\t\t\n\t\t>\n<div class=\"siteorigin-widget-tinymce textwidget\">\n\t<h2 style=\"text-align: center;\">No\u00eblie FIGUE<\/h2>\n<p style=\"text-align: center;\">Ost\u00e9opathe D.O depuis 2015<\/p>\n<\/div>\n<\/div><\/div><\/div><div id=\"pgc-60-13-2\"  class=\"panel-grid-cell panel-grid-cell-empty\" ><\/div><\/div><div id=\"pg-60-14\"  class=\"panel-grid panel-no-style\" ><div id=\"pgc-60-14-0\"  class=\"panel-grid-cell\" ><div id=\"panel-60-14-0-0\" class=\"so-panel widget widget_sow-image panel-first-child panel-last-child\" data-index=\"5\" ><div\n\t\t\t\n\t\t\tclass=\"so-widget-sow-image so-widget-sow-image-default-6b88c04c1f9b-60\"\n\t\t\t\n\t\t>\n\n<div class=\"sow-image-container\">\n\t\t<img src=\"https:\/\/osteopathe-alpilles.com\/wp-content\/uploads\/2023\/05\/IMG_7197.jpg\" width=\"622\" height=\"786\" srcset=\"https:\/\/osteopathe-alpilles.com\/wp-content\/uploads\/2023\/05\/IMG_7197.jpg 622w, https:\/\/osteopathe-alpilles.com\/wp-content\/uploads\/2023\/05\/IMG_7197-237x300.jpg 237w\" sizes=\"(max-width: 622px) 100vw, 622px\" alt=\"\" loading=\"lazy\" \t\tclass=\"so-widget-image\"\/>\n\t<\/div>\n\n<\/div><\/div><\/div><div id=\"pgc-60-14-1\"  class=\"panel-grid-cell\" ><div id=\"panel-60-14-1-0\" class=\"so-panel widget widget_sow-editor panel-first-child panel-last-child\" data-index=\"6\" ><div\n\t\t\t\n\t\t\tclass=\"so-widget-sow-editor so-widget-sow-editor-base\"\n\t\t\t\n\t\t>\n<div class=\"siteorigin-widget-tinymce textwidget\">\n\t<h4>Lors de mes formations compl\u00e9mentaires je me suis \u00e9galement sp\u00e9cialis\u00e9e dans le<br \/>\nsuivi de la femme enceinte, du nourrisson et de l\u2019enfant ainsi qu\u2019\u00e0 la prise en charge<br \/>\ndes troubles de la fertilit\u00e9.<\/h4>\n<h4>En 2021 j\u2019ai suivi une formation qui m\u2019a permis d\u2019obtenir le dipl\u00f4me d\u2019haptonomie<br \/>\np\u00e9rinatale me permettant d\u2019accompagner les futurs parents tout le long de la<br \/>\ngrossesse.<\/h4>\n<h4>En savoir plus sur l'haptonomie <a href=\"https:\/\/osteopathe-alpilles.com\/index.php\/laptonomie\/\">ici<\/a><\/h4>\n<h4><\/h4>\n<\/div>\n<\/div><\/div><\/div><\/div><div id=\"pg-60-15\"  class=\"panel-grid panel-no-style\" ><div id=\"pgc-60-15-0\"  class=\"panel-grid-cell panel-grid-cell-empty\" ><\/div><\/div><div id=\"pg-60-16\"  class=\"panel-grid panel-no-style\" ><div id=\"pgc-60-16-0\"  class=\"panel-grid-cell panel-grid-cell-empty\" ><\/div><\/div><div id=\"pg-60-17\"  class=\"panel-grid panel-no-style\" ><div id=\"pgc-60-17-0\"  class=\"panel-grid-cell panel-grid-cell-empty\" ><\/div><\/div><div id=\"pg-60-18\"  class=\"panel-grid panel-no-style\" ><div id=\"pgc-60-18-0\"  class=\"panel-grid-cell panel-grid-cell-empty\" ><\/div><\/div><div id=\"pg-60-19\"  class=\"panel-grid panel-no-style\" ><div id=\"pgc-60-19-0\"  class=\"panel-grid-cell panel-grid-cell-empty\" ><\/div><\/div><div id=\"pg-60-20\"  class=\"panel-grid panel-no-style\" ><div id=\"pgc-60-20-0\"  class=\"panel-grid-cell panel-grid-cell-empty\" ><\/div><div id=\"pgc-60-20-1\"  class=\"panel-grid-cell panel-grid-cell-mobile-last\" ><div id=\"panel-60-20-1-0\" class=\"so-panel widget widget_sow-editor panel-first-child panel-last-child\" data-index=\"7\" ><div\n\t\t\t\n\t\t\tclass=\"so-widget-sow-editor so-widget-sow-editor-base\"\n\t\t\t\n\t\t>\n<div class=\"siteorigin-widget-tinymce textwidget\">\n\t<h2 style=\"text-align: center;\">Arthur POITEVIN<\/h2>\n<p style=\"text-align: center;\">Ost\u00e9opathe D.O depuis 2021<\/p>\n<\/div>\n<\/div><\/div><\/div><div id=\"pgc-60-20-2\"  class=\"panel-grid-cell panel-grid-cell-empty\" ><\/div><\/div><div id=\"pg-60-21\"  class=\"panel-grid panel-no-style\" ><div id=\"pgc-60-21-0\"  class=\"panel-grid-cell\" ><div id=\"panel-60-21-0-0\" class=\"so-panel widget widget_sow-image panel-first-child panel-last-child\" data-index=\"8\" ><div\n\t\t\t\n\t\t\tclass=\"so-widget-sow-image so-widget-sow-image-default-6b88c04c1f9b-60\"\n\t\t\t\n\t\t>\n\n<div class=\"sow-image-container\">\n\t\t<img src=\"https:\/\/osteopathe-alpilles.com\/wp-content\/uploads\/2023\/05\/Capture-decran-2023-05-15-a-15.42.19.png\" width=\"682\" height=\"866\" srcset=\"https:\/\/osteopathe-alpilles.com\/wp-content\/uploads\/2023\/05\/Capture-decran-2023-05-15-a-15.42.19.png 682w, https:\/\/osteopathe-alpilles.com\/wp-content\/uploads\/2023\/05\/Capture-decran-2023-05-15-a-15.42.19-236x300.png 236w\" sizes=\"(max-width: 682px) 100vw, 682px\" title=\"Capture d\u2019\u00e9cran 2023-05-15 \u00e0 15.42.19\" alt=\"\" loading=\"lazy\" \t\tclass=\"so-widget-image\"\/>\n\t<\/div>\n\n<\/div><\/div><\/div><div id=\"pgc-60-21-1\"  class=\"panel-grid-cell\" ><div id=\"panel-60-21-1-0\" class=\"so-panel widget widget_sow-editor panel-first-child panel-last-child\" data-index=\"9\" ><div\n\t\t\t\n\t\t\tclass=\"so-widget-sow-editor so-widget-sow-editor-base\"\n\t\t\t\n\t\t>\n<div class=\"siteorigin-widget-tinymce textwidget\">\n\t<h4>Ayant e\u0301volue\u0301 dans le milieu du sport, j\u2019ai su de\u0301velopper des techniques permettant<br \/>\nd\u2019ame\u0301liorer les performances et la re\u0301cupe\u0301ration ainsi que diminuer les douleurs lie\u0301es a\u0300 la<br \/>\npratique sportive.<\/h4>\n<h4>Chaque anne\u0301e, je participe a\u0300 des formations post-gradue\u0301es afin de faire e\u0301voluer et<br \/>\nd\u2019ame\u0301liorer les soins au cabinet d\u2019oste\u0301opathie.<\/h4>\n<\/div>\n<\/div><\/div><\/div><\/div><\/div>","protected":false},"excerpt":{"rendered":"<p>Avec une pratique centr\u00e9e sur les techniques douces, biodynamiques et somato-\u00e9motionnelles, nous abordons la consultation dans sa globalit\u00e9 sur le plan physique, m\u00e9canique, \u00e9nerg\u00e9tique et \u00e9motionnel. Femme enceinte \u2013 Nouveau-n\u00e9 \u2013 Enfant \u2013 Sportif \u2013 Adulte &#8211; Personnes \u00e2g\u00e9s. En tant qu&#8217;ost\u00e9opathes agr\u00e9es, nous sommes \u00e0 m\u00eame de vous d\u00e9livrer une note d&#8217;honoraire \u00e0 faire&hellip; <br \/> <a class=\"read-more\" href=\"https:\/\/osteopathe-alpilles.com\/index.php\/benedicte-duhamel-d-o\/\">Read more<\/a><\/p>\n","protected":false},"author":1,"featured_media":0,"parent":0,"menu_order":0,"comment_status":"closed","ping_status":"closed","template":"","meta":{"_mi_skip_tracking":false,"_exactmetrics_sitenote_active":false,"_exactmetrics_sitenote_note":"","_exactmetrics_sitenote_category":0},"amp_enabled":true,"_links":{"self":[{"href":"https:\/\/osteopathe-alpilles.com\/index.php\/wp-json\/wp\/v2\/pages\/60"}],"collection":[{"href":"https:\/\/osteopathe-alpilles.com\/index.php\/wp-json\/wp\/v2\/pages"}],"about":[{"href":"https:\/\/osteopathe-alpilles.com\/index.php\/wp-json\/wp\/v2\/types\/page"}],"author":[{"embeddable":true,"href":"https:\/\/osteopathe-alpilles.com\/index.php\/wp-json\/wp\/v2\/users\/1"}],"replies":[{"embeddable":true,"href":"https:\/\/osteopathe-alpilles.com\/index.php\/wp-json\/wp\/v2\/comments?post=60"}],"version-history":[{"count":69,"href":"https:\/\/osteopathe-alpilles.com\/index.php\/wp-json\/wp\/v2\/pages\/60\/revisions"}],"predecessor-version":[{"id":350,"href":"https:\/\/osteopathe-alpilles.com\/index.php\/wp-json\/wp\/v2\/pages\/60\/revisions\/350"}],"wp:attachment":[{"href":"https:\/\/osteopathe-alpilles.com\/index.php\/wp-json\/wp\/v2\/media?parent=60"}],"curies":[{"name":"wp","href":"https:\/\/api.w.org\/{rel}","templated":true}]}}