{"id":58,"date":"2018-11-10T18:40:54","date_gmt":"2018-11-10T17:40:54","guid":{"rendered":"https:\/\/osteopathe-alpilles.com\/?page_id=58"},"modified":"2018-12-09T14:57:37","modified_gmt":"2018-12-09T13:57:37","slug":"losteopathie","status":"publish","type":"page","link":"https:\/\/osteopathe-alpilles.com\/index.php\/losteopathie\/","title":{"rendered":"L&#8217;ost\u00e9opathie"},"content":{"rendered":"<div id=\"pl-58\"  class=\"panel-layout\" ><div id=\"pg-58-0\"  class=\"panel-grid panel-no-style\" ><div id=\"pgc-58-0-0\"  class=\"panel-grid-cell\" ><div id=\"panel-58-0-0-0\" class=\"so-panel widget widget_sow-image panel-first-child panel-last-child\" data-index=\"0\" ><div\n\t\t\t\n\t\t\tclass=\"so-widget-sow-image so-widget-sow-image-default-d6014b76747a-58\"\n\t\t\t\n\t\t>\n\n<div class=\"sow-image-container\">\n\t\t<img src=\"https:\/\/osteopathe-alpilles.com\/wp-content\/uploads\/2018\/11\/atstill.jpg\" width=\"224\" height=\"246\" sizes=\"(max-width: 224px) 100vw, 224px\" alt=\"\" loading=\"lazy\" \t\tclass=\"so-widget-image\"\/>\n\t<\/div>\n\n<\/div><\/div><\/div><div id=\"pgc-58-0-1\"  class=\"panel-grid-cell\" ><div id=\"panel-58-0-1-0\" class=\"so-panel widget widget_sow-editor panel-first-child panel-last-child\" data-index=\"1\" ><div\n\t\t\t\n\t\t\tclass=\"so-widget-sow-editor so-widget-sow-editor-base\"\n\t\t\t\n\t\t>\n<div class=\"siteorigin-widget-tinymce textwidget\">\n\t<h4><\/h4>\n<h4 class=\"paragraph_style_1\">L'ost\u00e9opathie est une th\u00e9rapie manuelle se concentrant sur la globalit\u00e9 de la structure corporelle et vise \u00e0 r\u00e9tablir l'hom\u00e9ostasie.<\/h4>\n<h4 class=\"paragraph_style_1\">Elle soulage la plupart des manifestations douloureuses li\u00e9es \u00e0 des troubles fonctionnels et s\u2019adresse \u00e0 tous.<\/h4>\n<\/div>\n<\/div><\/div><\/div><\/div><div id=\"pg-58-1\"  class=\"panel-grid panel-no-style\" ><div id=\"pgc-58-1-0\"  class=\"panel-grid-cell panel-grid-cell-empty panel-grid-cell-mobile-last\" ><\/div><div id=\"pgc-58-1-1\"  class=\"panel-grid-cell panel-grid-cell-empty\" ><\/div><\/div><div id=\"pg-58-2\"  class=\"panel-grid panel-no-style\" ><div id=\"pgc-58-2-0\"  class=\"panel-grid-cell\" ><div id=\"panel-58-2-0-0\" class=\"so-panel widget widget_sow-editor panel-first-child panel-last-child\" data-index=\"2\" ><div\n\t\t\t\n\t\t\tclass=\"so-widget-sow-editor so-widget-sow-editor-base\"\n\t\t\t\n\t\t>\n<div class=\"siteorigin-widget-tinymce textwidget\">\n\t<h4 style=\"text-align: justify;\">Interrogatoire:<\/h4>\n<h4 style=\"text-align: justify;\">Dans un premier temps, l'ost\u00e9opathe\u00a0se concentre sur votre motif de consultation ainsi que sur vos ant\u00e9c\u00e9dents m\u00e9dicaux via un interrogatoire pouss\u00e9.<br \/>\nPuis, de nombreuses questions vous seront pos\u00e9es sur votre mode de vie afin de permettre une prise en charge globale personnalis\u00e9e.<\/h4>\n<h4 style=\"text-align: justify;\"><\/h4>\n<p>&nbsp;<\/p>\n<h4 style=\"text-align: justify;\">Examen clinique:<\/h4>\n<h4 style=\"text-align: justify;\">L\u2019ost\u00e9opathe va ensuite proc\u00e9der \u00e0 une s\u00e9rie de tests m\u00e9dicaux (afin d'\u00e9liminer toute pathologie ne relevant pas de sa comp\u00e9tence) et des tests ost\u00e9opathiques.<\/h4>\n<h4 class=\"paragraph_style_1\" style=\"text-align: justify;\">De ces tests d\u00e9couleront un protocole de traitement sp\u00e9cifique \u00e0 chaque patient.<\/h4>\n<h4><\/h4>\n<h4><\/h4>\n<h4 style=\"text-align: justify;\">Traitement:<\/h4>\n<h4 class=\"paragraph_style_1\" style=\"text-align: justify;\">Les techniques mises en place sont adapt\u00e9es \u00e0 chaque patient en fonction du motif de consultation.<\/h4>\n<h4>Les techniques utilis\u00e9es privil\u00e9gient au maximum le confort du patient.<\/h4>\n<h4 class=\"paragraph_style_1\" style=\"text-align: justify;\">Une s\u00e9ance d\u2019ost\u00e9opathie dure environ 1h.<\/h4>\n<\/div>\n<\/div><\/div><\/div><div id=\"pgc-58-2-1\"  class=\"panel-grid-cell panel-grid-cell-empty\" ><\/div><div id=\"pgc-58-2-2\"  class=\"panel-grid-cell\" ><div id=\"panel-58-2-2-0\" class=\"so-panel widget widget_sow-editor panel-first-child panel-last-child\" data-index=\"3\" ><div\n\t\t\t\n\t\t\tclass=\"so-widget-sow-editor so-widget-sow-editor-base\"\n\t\t\t\n\t\t>\n<div class=\"siteorigin-widget-tinymce textwidget\">\n\t<h4>Indications:<\/h4>\n<h4>L'ost\u00e9opathie s'adresse:<\/h4>\n<h4>A l'adulte<\/h4>\n<h4>Au sportif<\/h4>\n<h4>A la femme enceinte et au nourrisson<\/h4>\n<h4>La consultation peut se faire aussi bien en curatif qu'en pr\u00e9ventif.<\/h4>\n<p>&nbsp;<\/p>\n<p><img decoding=\"async\" loading=\"lazy\" class=\" wp-image-117\" src=\"https:\/\/osteopathe-alpilles.com\/wp-content\/uploads\/2018\/11\/anamn\u00e8se-cab-200x300.jpg\" alt=\"ygalieres Saint remy de provence orgon plan d orgon saint andiol cavaillon molleges alpilles provence sud osteo ostheo osteopathie rebouteux ost\u00e9opathie femme enceinte osteopathie nourrison&#96; therapie manuelle douleur meilleur ost\u00e9opathe chiropracteur\" width=\"358\" height=\"538\" srcset=\"https:\/\/osteopathe-alpilles.com\/wp-content\/uploads\/2018\/11\/anamn\u00e8se-cab-200x300.jpg 200w, https:\/\/osteopathe-alpilles.com\/wp-content\/uploads\/2018\/11\/anamn\u00e8se-cab-683x1024.jpg 683w, https:\/\/osteopathe-alpilles.com\/wp-content\/uploads\/2018\/11\/anamn\u00e8se-cab.jpg 720w\" sizes=\"(max-width: 358px) 100vw, 358px\" \/><\/p>\n<\/div>\n<\/div><\/div><\/div><\/div><div id=\"pg-58-3\"  class=\"panel-grid panel-no-style\" ><div id=\"pgc-58-3-0\"  class=\"panel-grid-cell panel-grid-cell-empty panel-grid-cell-mobile-last\" ><\/div><div id=\"pgc-58-3-1\"  class=\"panel-grid-cell panel-grid-cell-empty\" ><\/div><\/div><div id=\"pg-58-4\"  class=\"panel-grid panel-no-style\" ><div id=\"pgc-58-4-0\"  class=\"panel-grid-cell panel-grid-cell-empty panel-grid-cell-mobile-last\" ><\/div><div id=\"pgc-58-4-1\"  class=\"panel-grid-cell panel-grid-cell-empty\" ><\/div><\/div><div id=\"pg-58-5\"  class=\"panel-grid panel-no-style\" ><div id=\"pgc-58-5-0\"  class=\"panel-grid-cell panel-grid-cell-empty panel-grid-cell-mobile-last\" ><\/div><div id=\"pgc-58-5-1\"  class=\"panel-grid-cell panel-grid-cell-empty\" ><\/div><\/div><div id=\"pg-58-6\"  class=\"panel-grid panel-no-style\" ><div id=\"pgc-58-6-0\"  class=\"panel-grid-cell\" ><div id=\"panel-58-6-0-0\" class=\"so-panel widget widget_sow-editor panel-first-child panel-last-child\" data-index=\"4\" ><div\n\t\t\t\n\t\t\tclass=\"so-widget-sow-editor so-widget-sow-editor-base\"\n\t\t\t\n\t\t>\n<div class=\"siteorigin-widget-tinymce textwidget\">\n\t<h2 style=\"text-align: center;\"><strong>Principes et fonctionnement<\/strong><\/h2>\n<h4><\/h4>\n<p>&nbsp;<\/p>\n<h4>L\u2019ost\u00e9opathie cherche toujours \u00e0 redonner de la mobilit\u00e9 au corps du patient, c\u2019est le but ultime de l\u2019examen et des techniques mises en \u0153uvres pendant la s\u00e9ance d\u2019ost\u00e9opathie.<\/h4>\n<h4>En effet en proc\u00e9dant \u00e0 un interrogatoire complet, un examen visuel de la posture du patient, un examen clinique palpatoire de la zone en dysfonction ou douloureuse voire de l\u2019ensemble du corps du patient, l\u2019ost\u00e9opathe \u00e9tablit un diagnostic des zones du corps qui manquent de mobilit\u00e9. Il s\u2019agit principalement des articulations, des structures musculaires ou ligamentaires concernant la zone \u00e0 traiter, dans certains cas il est int\u00e9ressant de chercher la mobilit\u00e9 des ligaments et fascias qui relient les organes aux structures osseuses du corps. L\u2019ost\u00e9opathe cherche alors \u00e0 \u00e9tablir un lien entre la plainte du patient et les zones en \u00ab\u00a0dysfonction ost\u00e9opathique\u00a0\u00bb (qui manquent de mobilit\u00e9 donc). Il pourra alors choisir de traiter la zone douloureuse ou en dysfonctionnement, mais aussi des zones adjacentes s\u2019il estime qu\u2019il s\u2019agit de douleurs de compensations par exemple, des lombalgies et des douleurs de sacro-iliaques surviennent fr\u00e9quemment apr\u00e8s une entorse de cheville.<\/h4>\n<h4><\/h4>\n<h4>Le but en redonnant de la mobilit\u00e9 \u00e0 une en dysfonction ost\u00e9opathique est double\u00a0:<\/h4>\n<h4>-redonner la fonction de mobilit\u00e9 de la zone (un coude doit pouvoir de fl\u00e9chir et s\u2019\u00e9tendre)<\/h4>\n<h4>-am\u00e9liorer la circulation art\u00e9rielle, veineuse et nerveuse\u00a0: en effet un muscle spasm\u00e9 sur le long terme peut avoir un effet compressif sur les vaisseaux qui le traversent et qui vont vasculariser et innerver les zones adjacentes, ce qui peut avoir un retentissement sur le bon d\u00e9roulements d\u2019autres fonctions du corps. C\u2019est gr\u00e2ce \u00e0 ce principe que l\u2019ost\u00e9opathe peut intervenir et am\u00e9liorer des dysfonctionnements qui ne semblent pas \u00eatre d\u2019ordre m\u00e9canique\u00a0: pour citer quelques exemples\u00a0: vertiges\/accouph\u00e8nes, c\u00e9phal\u00e9es de tensions, dysm\u00e9norrh\u00e9es, colites fonctionnelles, constipation\u2026<\/h4>\n<\/div>\n<\/div><\/div><\/div><\/div><div id=\"pg-58-7\"  class=\"panel-grid panel-no-style\" ><div id=\"pgc-58-7-0\"  class=\"panel-grid-cell panel-grid-cell-empty panel-grid-cell-mobile-last\" ><\/div><div id=\"pgc-58-7-1\"  class=\"panel-grid-cell panel-grid-cell-empty\" ><\/div><\/div><div id=\"pg-58-8\"  class=\"panel-grid panel-no-style\" ><div id=\"pgc-58-8-0\"  class=\"panel-grid-cell\" ><div id=\"panel-58-8-0-0\" class=\"so-panel widget widget_sow-image panel-first-child panel-last-child\" data-index=\"5\" ><div\n\t\t\t\n\t\t\tclass=\"so-widget-sow-image so-widget-sow-image-default-d6014b76747a-58\"\n\t\t\t\n\t\t>\n\n<div class=\"sow-image-container\">\n\t\t<img src=\"https:\/\/osteopathe-alpilles.com\/wp-content\/uploads\/2018\/11\/biblio.jpg\" width=\"1080\" height=\"720\" srcset=\"https:\/\/osteopathe-alpilles.com\/wp-content\/uploads\/2018\/11\/biblio.jpg 1080w, https:\/\/osteopathe-alpilles.com\/wp-content\/uploads\/2018\/11\/biblio-300x200.jpg 300w, https:\/\/osteopathe-alpilles.com\/wp-content\/uploads\/2018\/11\/biblio-768x512.jpg 768w, https:\/\/osteopathe-alpilles.com\/wp-content\/uploads\/2018\/11\/biblio-1024x683.jpg 1024w, https:\/\/osteopathe-alpilles.com\/wp-content\/uploads\/2018\/11\/biblio-600x400.jpg 600w, https:\/\/osteopathe-alpilles.com\/wp-content\/uploads\/2018\/11\/biblio-272x182.jpg 272w\" sizes=\"(max-width: 1080px) 100vw, 1080px\" alt=\"\" loading=\"lazy\" \t\tclass=\"so-widget-image\"\/>\n\t<\/div>\n\n<\/div><\/div><\/div><\/div><div id=\"pg-58-9\"  class=\"panel-grid panel-no-style\" ><div id=\"pgc-58-9-0\"  class=\"panel-grid-cell panel-grid-cell-empty panel-grid-cell-mobile-last\" ><\/div><div id=\"pgc-58-9-1\"  class=\"panel-grid-cell panel-grid-cell-empty\" ><\/div><\/div><div id=\"pg-58-10\"  class=\"panel-grid panel-no-style\" ><div id=\"pgc-58-10-0\"  class=\"panel-grid-cell\" ><div id=\"panel-58-10-0-0\" class=\"so-panel widget widget_sow-editor panel-first-child panel-last-child\" data-index=\"6\" ><div\n\t\t\t\n\t\t\tclass=\"so-widget-sow-editor so-widget-sow-editor-base\"\n\t\t\t\n\t\t>\n<div class=\"siteorigin-widget-tinymce textwidget\">\n\t<h2 style=\"text-align: center;\"><strong>Techniques utilis\u00e9es<\/strong><\/h2>\n<h4><\/h4>\n<p>&nbsp;<\/p>\n<h4>L\u2019ost\u00e9opathe apprend un large panel de techniques durant les 5 ann\u00e9es d\u2019\u00e9tudes. Il y a deux grands types de techniques\u00a0: les techniques dite structurelles et les techniques dites fonctionnelles.<\/h4>\n<h4>-les techniques structurelles\u00a0: il s\u2019agit des techniques qui visent l\u2019\u00e9tirement direct des tissus et des articulations. Par exemple, si une articulation est bloqu\u00e9e en flexion et manque de mobilit\u00e9 en extension, l\u2019ost\u00e9opathe va chercher \u00e0 gagner directement vers l\u2019extension. Il s\u2019agit entre autre des techniques de cracking articulaire (ou HVT\u00a0: high velocity trust manipulation), des \u00e9tirements musculaires actifs ou passifs, des techniques de travail articulaire visant \u00e0 regagner progressivement le mouvement perdu\u2026<\/h4>\n<h4>-les techniques fonctionnelles\u00a0: il s\u2019agit de techniques qui vont dans le sens du rel\u00e2chement des tissus. L\u2019ost\u00e9opathe cherche la position la plus antalgique possible ou maintient un muscle spasm\u00e9 en position courte jusqu\u2019\u00e0 ce qu\u2019il se rel\u00e2che de lui-m\u00eame via un processus neurologique r\u00e9flexe.<\/h4>\n<h4>Avec les techniques structurelles comme fonctionnelles, l\u2019ost\u00e9opathe peut travailler sur les articulations, les muscles, les ligaments, les fascias du corps.<\/h4>\n<\/div>\n<\/div><\/div><\/div><\/div><\/div>","protected":false},"excerpt":{"rendered":"<p>L&#8217;ost\u00e9opathie est une th\u00e9rapie manuelle se concentrant sur la globalit\u00e9 de la structure corporelle et vise \u00e0 r\u00e9tablir l&#8217;hom\u00e9ostasie. Elle soulage la plupart des manifestations douloureuses li\u00e9es \u00e0 des troubles fonctionnels et s\u2019adresse \u00e0 tous.<\/p>\n","protected":false},"author":1,"featured_media":0,"parent":0,"menu_order":0,"comment_status":"closed","ping_status":"closed","template":"","meta":{"_mi_skip_tracking":false,"_exactmetrics_sitenote_active":false,"_exactmetrics_sitenote_note":"","_exactmetrics_sitenote_category":0},"amp_enabled":true,"_links":{"self":[{"href":"https:\/\/osteopathe-alpilles.com\/index.php\/wp-json\/wp\/v2\/pages\/58"}],"collection":[{"href":"https:\/\/osteopathe-alpilles.com\/index.php\/wp-json\/wp\/v2\/pages"}],"about":[{"href":"https:\/\/osteopathe-alpilles.com\/index.php\/wp-json\/wp\/v2\/types\/page"}],"author":[{"embeddable":true,"href":"https:\/\/osteopathe-alpilles.com\/index.php\/wp-json\/wp\/v2\/users\/1"}],"replies":[{"embeddable":true,"href":"https:\/\/osteopathe-alpilles.com\/index.php\/wp-json\/wp\/v2\/comments?post=58"}],"version-history":[{"count":38,"href":"https:\/\/osteopathe-alpilles.com\/index.php\/wp-json\/wp\/v2\/pages\/58\/revisions"}],"predecessor-version":[{"id":232,"href":"https:\/\/osteopathe-alpilles.com\/index.php\/wp-json\/wp\/v2\/pages\/58\/revisions\/232"}],"wp:attachment":[{"href":"https:\/\/osteopathe-alpilles.com\/index.php\/wp-json\/wp\/v2\/media?parent=58"}],"curies":[{"name":"wp","href":"https:\/\/api.w.org\/{rel}","templated":true}]}}