{"id":314,"date":"2023-05-16T13:13:19","date_gmt":"2023-05-16T11:13:19","guid":{"rendered":"https:\/\/osteopathe-alpilles.com\/?page_id=314"},"modified":"2023-05-17T09:08:16","modified_gmt":"2023-05-17T07:08:16","slug":"laptonomie","status":"publish","type":"page","link":"https:\/\/osteopathe-alpilles.com\/index.php\/laptonomie\/","title":{"rendered":"L&#8217;haptonomie"},"content":{"rendered":"<div id=\"pl-314\"  class=\"panel-layout\" ><div id=\"pg-314-0\"  class=\"panel-grid panel-no-style\" ><div id=\"pgc-314-0-0\"  class=\"panel-grid-cell\" ><div id=\"panel-314-0-0-0\" class=\"so-panel widget widget_sow-editor panel-first-child panel-last-child\" data-index=\"0\" ><div\n\t\t\t\n\t\t\tclass=\"so-widget-sow-editor so-widget-sow-editor-base\"\n\t\t\t\n\t\t><h3 class=\"widget-title\">Mme No\u00eblie FIGUE Ost\u00e9opathe DO<\/h3>\n<div class=\"siteorigin-widget-tinymce textwidget\">\n\t<h4>SEANCE D\u2019HAPTONOMIE EN COUPLE<\/h4>\n<h4><\/h4>\n<h4>Venez rencontrer votre b\u00e9b\u00e9 avant la naissance\u00a0!<\/h4>\n<h4>Qu\u2019est ce que l\u2019haptonomie p\u00e9rinatale\u00a0?<br \/>\nL\u2019haptonomie signifie la \u00ab\u00a0science par le toucher\u00a0\u00bb, le but du fondateur de l\u2019haptonomie le m\u00e9decin<br \/>\nFrans Veldman \u00e9tait d\u2019aider les personnes \u00e0 construire des liens affectifs permettant d\u2019obtenir un<br \/>\n\u00e9tat de s\u00e9curit\u00e9 et de paix int\u00e9rieure par le toucher.<\/h4>\n<p>&nbsp;<\/p>\n<h4>La forme la plus connue est l\u2019haptonomie pr\u00e9natale, celle que je propose au cabinet.<br \/>\nOn sait maintenant combien tout ce qui se passe dans les d\u00e9buts de la vie, m\u00eame avant la naissance,<br \/>\ncompte pour le d\u00e9veloppement de l\u2019enfant. L\u2019haptonomie permet \u00e0 ce dernier de d\u00e9velopper un<br \/>\nsentiment de s\u00e9curit\u00e9 affective favorisant son bien-\u00eatre, le corps et le psychisme forment un tout<br \/>\nins\u00e9parable.<\/h4>\n<h4><\/h4>\n<\/div>\n<\/div><\/div><\/div><div id=\"pgc-314-0-1\"  class=\"panel-grid-cell\" ><div id=\"panel-314-0-1-0\" class=\"so-panel widget widget_sow-image panel-first-child panel-last-child\" data-index=\"1\" ><div\n\t\t\t\n\t\t\tclass=\"so-widget-sow-image so-widget-sow-image-default-6b88c04c1f9b-314\"\n\t\t\t\n\t\t>\n\n<div class=\"sow-image-container\">\n\t\t<img src=\"https:\/\/osteopathe-alpilles.com\/wp-content\/uploads\/2023\/05\/IMG-20230516-WA0005.jpg\" width=\"1120\" height=\"1680\" srcset=\"https:\/\/osteopathe-alpilles.com\/wp-content\/uploads\/2023\/05\/IMG-20230516-WA0005.jpg 1120w, https:\/\/osteopathe-alpilles.com\/wp-content\/uploads\/2023\/05\/IMG-20230516-WA0005-200x300.jpg 200w, https:\/\/osteopathe-alpilles.com\/wp-content\/uploads\/2023\/05\/IMG-20230516-WA0005-683x1024.jpg 683w, https:\/\/osteopathe-alpilles.com\/wp-content\/uploads\/2023\/05\/IMG-20230516-WA0005-768x1152.jpg 768w, https:\/\/osteopathe-alpilles.com\/wp-content\/uploads\/2023\/05\/IMG-20230516-WA0005-1024x1536.jpg 1024w, https:\/\/osteopathe-alpilles.com\/wp-content\/uploads\/2023\/05\/IMG-20230516-WA0005-720x1080.jpg 720w\" sizes=\"(max-width: 1120px) 100vw, 1120px\" alt=\"\" loading=\"lazy\" \t\tclass=\"so-widget-image\"\/>\n\t<\/div>\n\n<\/div><\/div><\/div><\/div><div id=\"pg-314-1\"  class=\"panel-grid panel-no-style\" ><div id=\"pgc-314-1-0\"  class=\"panel-grid-cell\" ><div id=\"panel-314-1-0-0\" class=\"so-panel widget widget_sow-editor panel-first-child panel-last-child\" data-index=\"2\" ><div\n\t\t\t\n\t\t\tclass=\"so-widget-sow-editor so-widget-sow-editor-base\"\n\t\t\t\n\t\t>\n<div class=\"siteorigin-widget-tinymce textwidget\">\n\t<h4>Dans le cadre d\u2019une pr\u00e9paration \u00e0 l\u2019accouchement, l\u2019haptonomie se d\u00e9roule g\u00e9n\u00e9ralement en 5<br \/>\ns\u00e9ances pr\u00e9natales pouvant d\u00e9buter \u00e0 partir du 2 \u00e8me trimestre.<br \/>\nLors de ces s\u00e9ances plusieurs sujets seront abord\u00e9s\u00a0:<br \/>\n- La mise en place du contact permettant de v\u00e9ritables interactions pr\u00e9coces auxquelles<br \/>\nl\u2019enfant peut r\u00e9pondre tr\u00e8s t\u00f4t dans la grossesse<br \/>\n- Le d\u00e9veloppement de nos facult\u00e9s inn\u00e9es de perception et am\u00e9liorer notre qualit\u00e9 de<br \/>\npr\u00e9sence \u00e0 l\u2019enfant quelque soit son chemin et histoire de naissance.<br \/>\n- Impliquer le futur p\u00e8re dans la grossesse (sa pr\u00e9sence sera obligatoire pendant toutes les<br \/>\ns\u00e9ances). On lui proposera de participer \u00e0 \u00a0renforcer la s\u00e9curit\u00e9 affective et la confiance de la<br \/>\nm\u00e8re pendant le travail et la mise au monde<br \/>\n- Faire en sorte que la maman soit bien dans sa posture de grossesse \u00e0 l\u2019aide de gestes<br \/>\nprodigu\u00e9s par le p\u00e8re<br \/>\n- D\u00e9montrer que l\u2019on peut diminuer le seuil de douleur par des techniques simples et aider la<br \/>\nmaman \u00e0 traverser les contractions<br \/>\n- Favoriser la descente du b\u00e9b\u00e9 lors de l\u2019accouchement, et d\u00e9tendre le p\u00e9rin\u00e9e.<br \/>\n- Le postnatal avec la r\u00e9alisation de gestes quotidiens avec le b\u00e9b\u00e9, et offrir \u00e0 b\u00e9b\u00e9 la s\u00e9curit\u00e9<br \/>\naffective n\u00e9cessaire pour traverser les exp\u00e9riences de la vie.<\/h4>\n<h4><\/h4>\n<h4>Comment se d\u00e9roulent les s\u00e9ances ?<\/h4>\n<h4>Les s\u00e9ances se d\u00e9roulent en couple de fa\u00e7on personnalis\u00e9e en fonction des besoins de chaque<br \/>\nfamille. Le rythme des s\u00e9ances peut \u00eatre librement convenu avec les parents, un rendez-vous toutes<br \/>\nles 3 ou 4 semaines est souvent propos\u00e9 jusqu\u2019\u00e0 la naissance. Cet accompagnement est progressif,<br \/>\nadapt\u00e9 aux diff\u00e9rentes \u00e9volutions de la grossesse.<br \/>\nLes s\u00e9ances durent 1h environ.<\/h4>\n<h4>A qui s\u2019adresse l\u2019haptonomie p\u00e9rinatale\u00a0?<br \/>\nElle s\u2019adresse \u00e0 tous les couples d\u00e9sireux de ce suivi\u00a0et inclure le co-parent dans la grossesse.<br \/>\nOn peut le conseiller aussi en cas de stress pendant la grossesse, l\u2019haptonomie contribue \u00e0 un<br \/>\nmeilleur v\u00e9cu des difficult\u00e9s.<br \/>\nL\u2019haptonomie peut \u00e9galement accompagner des situations plus m\u00e9dicalis\u00e9es telles que la<br \/>\nprocr\u00e9ation m\u00e9dicale assist\u00e9e, le risque d\u2019accouchement pr\u00e9matur\u00e9, des douleurs pelviennes et<br \/>\nlombaires, une pr\u00e9sentation en si\u00e8ge\u2026<\/h4>\n<h4>Pour plus de renseignements, n\u2019h\u00e9sitez \u00e0 me contacter, je me ferai un plaisir de vous accompagner<\/h4>\n<\/div>\n<\/div><\/div><\/div><\/div><\/div>","protected":false},"excerpt":{"rendered":"<p>SEANCE D\u2019HAPTONOMIE EN COUPLE Venez rencontrer votre b\u00e9b\u00e9 avant la naissance\u00a0! Qu\u2019est ce que l\u2019haptonomie p\u00e9rinatale\u00a0? L\u2019haptonomie signifie la \u00ab\u00a0science par le toucher\u00a0\u00bb, le but du fondateur de l\u2019haptonomie le m\u00e9decin Frans Veldman \u00e9tait d\u2019aider les personnes \u00e0 construire des liens affectifs permettant d\u2019obtenir un \u00e9tat de s\u00e9curit\u00e9 et de paix int\u00e9rieure par le toucher.&hellip; <br \/> <a class=\"read-more\" href=\"https:\/\/osteopathe-alpilles.com\/index.php\/laptonomie\/\">Read more<\/a><\/p>\n","protected":false},"author":1,"featured_media":0,"parent":0,"menu_order":0,"comment_status":"closed","ping_status":"closed","template":"","meta":{"_mi_skip_tracking":false,"_exactmetrics_sitenote_active":false,"_exactmetrics_sitenote_note":"","_exactmetrics_sitenote_category":0},"amp_enabled":true,"_links":{"self":[{"href":"https:\/\/osteopathe-alpilles.com\/index.php\/wp-json\/wp\/v2\/pages\/314"}],"collection":[{"href":"https:\/\/osteopathe-alpilles.com\/index.php\/wp-json\/wp\/v2\/pages"}],"about":[{"href":"https:\/\/osteopathe-alpilles.com\/index.php\/wp-json\/wp\/v2\/types\/page"}],"author":[{"embeddable":true,"href":"https:\/\/osteopathe-alpilles.com\/index.php\/wp-json\/wp\/v2\/users\/1"}],"replies":[{"embeddable":true,"href":"https:\/\/osteopathe-alpilles.com\/index.php\/wp-json\/wp\/v2\/comments?post=314"}],"version-history":[{"count":10,"href":"https:\/\/osteopathe-alpilles.com\/index.php\/wp-json\/wp\/v2\/pages\/314\/revisions"}],"predecessor-version":[{"id":360,"href":"https:\/\/osteopathe-alpilles.com\/index.php\/wp-json\/wp\/v2\/pages\/314\/revisions\/360"}],"wp:attachment":[{"href":"https:\/\/osteopathe-alpilles.com\/index.php\/wp-json\/wp\/v2\/media?parent=314"}],"curies":[{"name":"wp","href":"https:\/\/api.w.org\/{rel}","templated":true}]}}